{"id":89,"date":"2023-02-17T10:50:53","date_gmt":"2023-02-17T10:50:53","guid":{"rendered":"https:\/\/configit.pl\/?page_id=89"},"modified":"2023-02-17T10:50:53","modified_gmt":"2023-02-17T10:50:53","slug":"internet","status":"publish","type":"page","link":"https:\/\/configit.pl\/?page_id=89","title":{"rendered":"Internet"},"content":{"rendered":"\n<h2 class=\"wp-block-heading\">Tworzenie stron www<\/h2>\n\n\n\n<p>Tworzenie stron internetowych to klucz do skutecznego i nowoczesnego przedstawienia swojej firmy w Internecie. Dzi\u0119ki profesjonalnie wykonanej stronie internetowej, zyskasz wiarygodno\u015b\u0107 i zwi\u0119kszysz swoj\u0105 pozycj\u0119 na rynku. Tworz\u0105c stron\u0119 www, warto skorzysta\u0107 z us\u0142ug specjalist\u00f3w, kt\u00f3rzy zaprojektuj\u0105 j\u0105 zgodnie z najnowszymi trendami i standardami. Dzi\u0119ki temu Twoja strona b\u0119dzie funkcjonalna, estetyczna i responsywna na r\u00f3\u017cnych urz\u0105dzeniach. Nie tra\u0107 szansy na nowych klient\u00f3w, zam\u00f3w profesjonaln\u0105 stron\u0119 internetow\u0105 i zwi\u0119ksz swoj\u0105 widoczno\u015b\u0107 w sieci.<\/p>\n\n\n\n<h2 class=\"wp-block-heading\">Marketing internetowy<\/h2>\n\n\n\n<p>Marketing internetowy to klucz do skutecznego promowania swojej firmy w Internecie. Dzi\u0119ki r\u00f3\u017cnorodnym narz\u0119dziom, takim jak reklama w Google, media spo\u0142eczno\u015bciowe czy e-mail marketing, dotrzesz do szerokiej grupy potencjalnych klient\u00f3w. Dzi\u0119ki marketingowi internetowemu, mo\u017cesz skutecznie budowa\u0107 wizerunek swojej firmy, pozyskiwa\u0107 nowych klient\u00f3w oraz zwi\u0119ksza\u0107 sprzeda\u017c. Zaufaj specjalistom, kt\u00f3rzy pomog\u0105 Ci w skutecznym promowaniu Twojej firmy w sieci, zwi\u0119ksz\u0105 widoczno\u015b\u0107 Twojej marki oraz dostarcz\u0105 efektywne narz\u0119dzia do zdobycia nowych klient\u00f3w. Odkryj potencja\u0142 marketingu internetowego i rozwijaj swoj\u0105 firm\u0119 wraz z najlepszymi specjalistami.<\/p>\n\n\n\n<h2 class=\"wp-block-heading\">Aplikacje dedykowane<\/h2>\n\n\n\n<p>Dedykowane aplikacje internetowe to klucz do efektywnego zarz\u0105dzania biznesem i zwi\u0119kszenia wydajno\u015bci pracy. Dzi\u0119ki indywidualnym rozwi\u0105zaniom, dostosowanym do potrzeb Twojej firmy, zyskasz wi\u0119ksz\u0105 kontrol\u0119 nad swoimi procesami biznesowymi. Dedykowane aplikacje internetowe pozwalaj\u0105 na automatyzacj\u0119 proces\u00f3w, zwi\u0119kszenie wydajno\u015bci i redukcj\u0119 koszt\u00f3w. Zaufaj specjalistom, kt\u00f3rzy zaprojektuj\u0105 i wdro\u017c\u0105 dla Ciebie dedykowane aplikacje internetowe, dopasowane do potrzeb Twojego biznesu. Zyskaj przewag\u0119 nad konkurencj\u0105 i zwi\u0119ksz swoj\u0105 wydajno\u015b\u0107 z dedykowanymi aplikacjami internetowymi. Odkryj potencja\u0142, jaki kryje si\u0119 w indywidualnych rozwi\u0105zaniach dla Twojej firmy.<\/p>\n","protected":false},"excerpt":{"rendered":"<p>Tworzenie stron www Tworzenie stron internetowych to klucz do skutecznego i nowoczesnego przedstawienia swojej firmy w Internecie. Dzi\u0119ki profesjonalnie wykonanej stronie internetowej, zyskasz wiarygodno\u015b\u0107 i zwi\u0119kszysz swoj\u0105 pozycj\u0119 na rynku. Tworz\u0105c stron\u0119 www, warto skorzysta\u0107 z us\u0142ug specjalist\u00f3w, kt\u00f3rzy zaprojektuj\u0105 j\u0105 zgodnie z najnowszymi trendami i standardami. Dzi\u0119ki temu Twoja strona b\u0119dzie funkcjonalna, estetyczna i&hellip; <br \/> <a class=\"button small blue\" href=\"https:\/\/configit.pl\/?page_id=89\">Dowiedz si\u0119 wi\u0119cej<\/a><\/p>\n","protected":false},"author":1,"featured_media":0,"parent":0,"menu_order":0,"comment_status":"closed","ping_status":"closed","template":"","meta":{"om_disable_all_campaigns":false,"_monsterinsights_skip_tracking":false,"_monsterinsights_sitenote_active":false,"_monsterinsights_sitenote_note":"","_monsterinsights_sitenote_category":0,"footnotes":""},"class_list":["post-89","page","type-page","status-publish","hentry"],"aioseo_notices":[],"_links":{"self":[{"href":"https:\/\/configit.pl\/index.php?rest_route=\/wp\/v2\/pages\/89","targetHints":{"allow":["GET"]}}],"collection":[{"href":"https:\/\/configit.pl\/index.php?rest_route=\/wp\/v2\/pages"}],"about":[{"href":"https:\/\/configit.pl\/index.php?rest_route=\/wp\/v2\/types\/page"}],"author":[{"embeddable":true,"href":"https:\/\/configit.pl\/index.php?rest_route=\/wp\/v2\/users\/1"}],"replies":[{"embeddable":true,"href":"https:\/\/configit.pl\/index.php?rest_route=%2Fwp%2Fv2%2Fcomments&post=89"}],"version-history":[{"count":1,"href":"https:\/\/configit.pl\/index.php?rest_route=\/wp\/v2\/pages\/89\/revisions"}],"predecessor-version":[{"id":90,"href":"https:\/\/configit.pl\/index.php?rest_route=\/wp\/v2\/pages\/89\/revisions\/90"}],"wp:attachment":[{"href":"https:\/\/configit.pl\/index.php?rest_route=%2Fwp%2Fv2%2Fmedia&parent=89"}],"curies":[{"name":"wp","href":"https:\/\/api.w.org\/{rel}","templated":true}]}}