{"id":6,"date":"2022-09-06T09:14:48","date_gmt":"2022-09-06T09:14:48","guid":{"rendered":"https:\/\/configit.pl\/?page_id=6"},"modified":"2025-03-20T21:08:07","modified_gmt":"2025-03-20T21:08:07","slug":"home","status":"publish","type":"page","link":"https:\/\/configit.pl\/","title":{"rendered":"Home"},"content":{"rendered":"<div data-label=\"Clients\" data-id=\"clients-strip-section\" data-category=\"clients\" class=\"clients-strip-section\" id=\"clients-2\"  style=\"background-color: rgb(255, 255, 255);\"> <div class=\"row_187\" data-type=\"row\" data-add-content=\"false\" >   <div class=\"clients-strip-itemcol cp4cols\" > <div class=\"middle_align1\" ><a href=\"#\" ><img decoding=\"async\" class=\"clients-strip-itemimg\" src=\"https:\/\/configit.pl\/wp-content\/uploads\/2025\/03\/logo_QNAP_LOGO_standard.png\" ><\/a> <\/div> <\/div> <div class=\"clients-strip-itemcol cp4cols\" > <div class=\"middle_align1\" ><a href=\"#\" ><img decoding=\"async\" class=\"clients-strip-itemimg\" src=\"https:\/\/configit.pl\/wp-content\/uploads\/2025\/03\/DT_AuthorizedPartner_Blue.png\" ><\/a> <\/div> <\/div> <div class=\"clients-strip-itemcol cp4cols\" > <div class=\"middle_align1\" ><a href=\"#\" ><img decoding=\"async\" class=\"clients-strip-itemimg\" src=\"https:\/\/configit.pl\/wp-content\/uploads\/2025\/03\/eurocert_logo-_bWsidiayPY2x-1.png\" ><\/a> <\/div> <\/div>  <\/div><\/div><div  data-label=\"Uslugi\" data-id=\"stripped-coloured-icon-boxes\" data-category=\"overlapable\" class=\"features-coloured-icon-boxes-section stripped-coloured-icon-boxes\" data-overlap=\"true\" id=\"uslugi\" style=\"background-color: rgb(255, 255, 255);\"> <div  class=\"gridContainer\"> <div  class=\"features-coloured-icon-boxes-innerrow flexbox-list dark-text\" data-type=\"row\"> <div  class=\"features-coloured-icon-boxes-featurecol cp3cols\"> <div  class=\"features-coloured-icon-boxes-iconcontainer\" data-content-item-container=\"true\"> <i  data-cp-fa=\"true\" class=\"features-coloured-icon fa fa-wrench\"><\/i> <\/div> <h4  class=\"\">Wsparcie techniczne<\/h4> <p  class=\"\">\u2022 Naprawa sprz\u0119tu<br >\u2022 Zapobieganie awarii<br >\u2022 Wdra\u017canie rozwi\u0105za\u0144<\/p>  <a  class=\"button blue\" href=\"https:\/\/configit.pl?page_id=84\" target=\"_self\" rel=\"noopener\">Wi\u0119cej<\/a><\/div> <div  class=\"features-coloured-icon-boxes-featurecol cp3cols\"> <div  class=\"features-coloured-icon-boxes-iconcontainer\" data-content-item-container=\"true\"> <i  data-cp-fa=\"true\" class=\"features-coloured-icon fa fa-bank\"><\/i> <\/div> <h4  class=\"\">Bezpiecze\u0144stwo<\/h4> <p  class=\"\">\u2022 Profilaktyka<br >\u2022 Odzyskiwanie danych<br >\u2022 Zarz\u0105dzanie systemami<\/p>  <a  class=\"button blue\" href=\"https:\/\/configit.pl?page_id=87\" target=\"_self\" rel=\"noopener\">Wi\u0119cej<\/a><\/div> <div  class=\"features-coloured-icon-boxes-featurecol cp3cols\"> <div  class=\"features-coloured-icon-boxes-iconcontainer\" data-content-item-container=\"true\"> <i  data-cp-fa=\"true\" class=\"features-coloured-icon fa fa-globe\"><\/i> <\/div> <h4  class=\"\">Internet<\/h4> <p  class=\"\">\u2022 Strony www<br >\u2022 Marketing internetowy<br >\u2022 Aplikacje dedykowane<\/p>  <a  class=\"button blue\" href=\"https:\/\/configit.pl?page_id=89\" target=\"_self\" rel=\"noopener\">Wi\u0119cej<\/a><\/div> <div  class=\"features-coloured-icon-boxes-featurecol cp3cols\"> <div  class=\"features-coloured-icon-boxes-iconcontainer\" data-content-item-container=\"true\"> <i  data-cp-fa=\"true\" class=\"features-coloured-icon fa fa-gears\"><\/i> <\/div> <h4  class=\"\">Infrastruktura<\/h4> <p  class=\"\">\u2022 Sieci LAN, WAN, Wi-Fi<br >\u2022 Systemy konferencyjne<br >\u2022 Monitoring obiekt\u00f3w<\/p>  <a  class=\"button blue\" href=\"https:\/\/configit.pl?page_id=92\" target=\"_self\" rel=\"noopener\">Wi\u0119cej<\/a><\/div> <\/div> <\/div><\/div><div  data-label=\"Call to action\" data-id=\"cta-blue-section\" data-category=\"cta\" class=\"cta-blue-section\" id=\"cta-1\"> <div  class=\"gridContainer\"> <div  class=\"flexbox-list flexbox-list-align-center row\"> <div  class=\"cta-blue-textcol dynamic-color\"> <h2  class=\"cta-blue-text\"> <b  class=\"element2\"> Zg\u0142o\u015b problem\n<\/b>Przejd\u017a do formularza<\/h2> <\/div> <div  class=\"cta-blue-btncol\"> <a  class=\"button big yellow dark-text\" href=\"https:\/\/configit.pl?page_id=359#page-content\" target=\"_self\" rel=\"noopener\"> Przejd\u017a <\/a> <\/div> <\/div> <\/div> <\/div><div  data-label=\"Dostarczamy\" data-id=\"features-coloured-icon-boxes-section\" data-category=\"features\" class=\"features-coloured-icon-boxes-section\" id=\"dostarczamy\" style=\"background-color: rgb(255, 255, 255);\"> <div  class=\"gridContainer\"> <div  class=\"features-coloured-icon-boxes-textrow\"> <div  class=\"features-coloured-icon-boxes-textcol dynamic-color\" data-type=\"column\"> <h2  class=\"\">Dostarczamy sprz\u0119t komputerowy i wiele wi\u0119cej<\/h2> <p  class=\"\">Pomo\u017cemy Ci wybra\u0107 sprz\u0119t na miar\u0119 twoich potrzeb<\/p> <\/div> <\/div> <div  class=\"features-coloured-icon-boxes-innerrow flexbox-list dark-text\" data-type=\"row\"> <div  class=\"features-coloured-icon-boxes-featurecol cp3cols cp6cols-tablet\"> <div  class=\"features-coloured-icon-boxes-iconcontainer\" data-content-item-container=\"true\"> <i  data-cp-fa=\"true\" class=\"features-coloured-icon fa fa-laptop\"><\/i> <\/div> <h4  class=\"\">Komputery i laptopy<\/h4> <p  class=\"\">Rynek komputer\u00f3w i laptop\u00f3w w jest dynamiczny i stale si\u0119 rozwija. Dost\u0119pnych jest wiele r\u00f3\u017cnych modeli od r\u00f3\u017cnych producent\u00f3w, w r\u00f3\u017cnych cenach i konfiguracjach<\/p>  <\/div> <div  class=\"features-coloured-icon-boxes-featurecol cp3cols cp6cols-tablet\"> <div  class=\"features-coloured-icon-boxes-iconcontainer\" data-content-item-container=\"true\"> <i  data-cp-fa=\"true\" class=\"features-coloured-icon fa fa-print\"><\/i> <\/div> <h4  class=\"\">Drukarki, tusze i tonery<\/h4> <p  class=\"\">&nbsp;Oferujemy szerok\u0105 gam\u0119 drukarek, od prostych modeli atramentowych po zaawansowane urz\u0105dzenia laserowe i wielofunkcyjne<\/p>  <\/div> <div  class=\"features-coloured-icon-boxes-featurecol cp3cols cp6cols-tablet\"> <div  class=\"features-coloured-icon-boxes-iconcontainer\" data-content-item-container=\"true\"> <i  data-cp-fa=\"true\" class=\"features-coloured-icon fa fa-wifi\"><\/i> <\/div> <h4  class=\"\">Sprz\u0119t sieciowy<\/h4> <p  class=\"\">Szukasz szybkiego i stabilnego Internetu w ca\u0142ym domu? Zainwestuj w urz\u0105dzenia sieciowe, kt\u00f3re zapewni\u0105 Ci niezawodn\u0105 \u0142\u0105czno\u015b\u0107 i dost\u0119p do wszystkich mo\u017cliwo\u015bci Internetu<\/p>  <\/div> <div  class=\"features-coloured-icon-boxes-featurecol cp3cols cp6cols-tablet\"> <div  class=\"features-coloured-icon-boxes-iconcontainer\" data-content-item-container=\"true\"> <i  data-cp-fa=\"true\" class=\"features-coloured-icon fa fa-video-camera\"><\/i> <\/div> <h4  class=\"\">Monitoring i alarmy<\/h4> <p  class=\"\">Monitoring i alarm zapewni\u0105 Ci spok\u00f3j ducha i ochron\u0119 przed w\u0142amaniem, po\u017carem i innymi zagro\u017ceniami. Szeroki wyb\u00f3r funkcji pozwala dopasowa\u0107 je do Twoich potrzeb<\/p>  <\/div> <\/div> <\/div><\/div><div  data-label=\"Pomoc zdalna\" data-id=\"about-images-right-section\" data-category=\"about\" class=\"about-images-right-section\" id=\"pomoc-zdalna\" style=\"background-color: rgb(255, 255, 255);\"> <div  class=\"gridContainer dynamic-color\"> <div  class=\"about-images-right-innerrow dynamic-color\"> <div  class=\"about-images-right-textcol\" data-type=\"column\">  <h2  class=\"about-images-right-bigtitle\">Pomoc zdalna<\/h2> <p  class=\"\">Stworzyli\u015bmy \u201epigu\u0142k\u0119\u201d wiedzy jak w 5 krokach przygotowa\u0107 komputer do wsparcia w formie zdalnej<\/p> <a  class=\"button blue\" href=\"https:\/\/configit.pl?page_id=212#page-content\" target=\"_self\" rel=\"noopener\">Przejd\u017a<\/a> <\/div> <div  class=\"about-images-right-imgcol\"><img  decoding=\"async\" class=\"about-images-right-topimg\" src=\"https:\/\/configit.pl\/wp-content\/uploads\/2024\/07\/2.png\" alt=\"\"><img  decoding=\"async\" class=\"about-images-right-rightimg\" src=\"https:\/\/configit.pl\/wp-content\/uploads\/2024\/07\/ba5blur.jpg\" alt=\"\"><img  decoding=\"async\" class=\"about-images-right-leftimg\" src=\"https:\/\/configit.pl\/wp-content\/uploads\/2024\/07\/a4.png\" alt=\"\"> <\/div> <\/div> <\/div><\/div><div  data-label=\"Kontakt\" data-id=\"features-image-cards-section\" data-category=\"features\" class=\"features-image-cards-section\" style=\"background-color: rgb(246, 246, 246);\" id=\"kontakt\"> <div  class=\"gridContainer\"> <div  class=\"features-image-cards-textrow\"> <div  class=\"features-image-cards-textcol dynamic-color\" data-type=\"column\"> <h2  class=\"\">Kontakt<\/h2>  <\/div> <\/div> <div  class=\"features-image-cards-innerrow flexbox-list dark-text\" data-type=\"row\"> <div  class=\"features-image-cards-cardcol cp4cols cp6cols-tablet\"> <div  class=\"features-image-cards-cardrow\"><img  decoding=\"async\" class=\"features-image-cards-featimg lazyloaded\" src=\"https:\/\/configit.pl\/wp-content\/uploads\/2023\/12\/desk-593327_640.webp\" alt=\"\" data-ll-status=\"loaded\"> <div  class=\"features-image-cards-cardtextrow\" data-type=\"column\"> <h4  class=\"\">Dzia\u0142 Handlu i Us\u0142ug Detalicznych<\/h4>  <hr  class=\"features-image-cards-separator\"> <p  class=\"\">tel. 660 017 171\n<br >e-mail: handel@configit.pl<\/p><\/div> <\/div> <\/div> <div  class=\"features-image-cards-cardcol cp4cols cp6cols-tablet\"> <div  class=\"features-image-cards-cardrow\"><img  decoding=\"async\" class=\"features-image-cards-featimg lazyloaded\" src=\"https:\/\/configit.pl\/wp-content\/uploads\/2023\/12\/digital-marketing-1433427_640.webp\" data-ll-status=\"loaded\" alt=\"\"> <div  class=\"features-image-cards-cardtextrow\" data-type=\"column\"> <h4  class=\"\">Dzia\u0142 Obs\u0142ugi Biznesu<\/h4>  <hr  class=\"features-image-cards-separator\"> <p  class=\"\"><span  style=\"font-family: &quot;Source Sans Pro&quot;, sans-serif; font-size: 18px;\">tel. 795 520 520<\/span><br ><span  style=\"font-family: &quot;Source Sans Pro&quot;, sans-serif; font-size: 18px;\">e-mail: biznes@configit.pl<\/span><\/p><\/div> <\/div> <\/div> <div  class=\"features-image-cards-cardcol cp4cols cp6cols-tablet\"> <div  class=\"features-image-cards-cardrow\"><img  decoding=\"async\" class=\"features-image-cards-featimg lazyloaded\" src=\"https:\/\/configit.pl\/wp-content\/uploads\/2023\/12\/technology-8080038_640.webp\" alt=\"\" data-ll-status=\"loaded\"> <div  class=\"features-image-cards-cardtextrow\" data-type=\"column\"> <h4  class=\"\">Dzia\u0142 Instalacji Teleinformatycznych<\/h4>  <hr  class=\"features-image-cards-separator\"> <p  class=\"\"><span  style=\"font-family: &quot;Source Sans Pro&quot;, sans-serif; font-size: 18px;\">tel. 721 421 224<\/span><span  style=\"font-family: &quot;Source Sans Pro&quot;, sans-serif; font-size: 18px;\"><\/span><br ><span  style=\"font-family: &quot;Source Sans Pro&quot;, sans-serif; font-size: 18px;\">e-mail: instalacje@configit.pl<\/span><\/p><\/div> <\/div> <\/div> <\/div> <\/div><\/div><div  data-label=\"Numbers\" data-id=\"numbers-section\" data-category=\"numbers\" data-bg=\"transparent\" class=\"numbers-section\" data-parallax-depth=\"20\" id=\"numbers\"> <div  class=\"dynamic-color\"> <div  class=\"numbers-itemcol\"> <h2  class=\"numbers-numbertext\">20+<\/h2> <h3  class=\"numbers-titletext\">Partnet\u00f3w technologicznych<\/h3> <\/div> <div  class=\"numbers-itemcol\"> <h2  class=\"numbers-numbertext\">24\/7<\/h2> <h3  class=\"numbers-titletext\">Dost\u0119pno\u015b\u0107<\/h3> <\/div> <div  class=\"numbers-itemcol-last\"> <h2  class=\"numbers-numbertext\">50+<\/h2> <h3  class=\"numbers-titletext\">Certyfikat\u00f3w<\/h3> <\/div> <\/div><\/div><div  data-label=\"Opinia\" data-id=\"content-image-right\" data-category=\"content\" class=\"content-right-image-section content-image-right\" id=\"opinia\" style=\"background-color: rgb(246, 246, 246);\"> <div  class=\"gridContainer\"> <div  class=\"content-right-image-gridcol\"> <div  class=\"content-right-image-textcol dynamic-color\" data-type=\"column\"> <h2  class=\"\">Twoje zdanie jest dla nas wa\u017cne<\/h2>  <a  class=\"button blue\" href=\"https:\/\/g.page\/r\/CaFSKc9AvGYKEBM\/review\" target=\"_blank\" rel=\"noopener\"> Zostaw opini\u0119 <\/a> <\/div> <div  class=\"content-right-image-imgcol\" data-type=\"column\"> <img  decoding=\"async\" src=\"https:\/\/configit.pl\/wp-content\/uploads\/2023\/12\/survey-7078101_640.webp\" class=\"\" alt=\"\" data-lazy-src=\"https:\/\/configit.pl\/wp-content\/uploads\/2023\/12\/survey-7078101_1280.png\"> <\/div> <\/div> <\/div> <\/div><div  data-label=\"Dane Firmy\" data-id=\"content-image-left\" data-category=\"content\" class=\"content-left-image-section content-image-left\" id=\"dane-firmy\" style=\"background-color: rgb(246, 246, 246);\"> <div  class=\"gridContainer\"> <div  class=\"row\"> <div  class=\"content-left-image-imgcol\" data-type=\"column\"> <img  decoding=\"async\" src=\"https:\/\/configit.pl\/wp-content\/uploads\/2023\/12\/entrepreneur-593378_1280.webp\" class=\"\" alt=\"\" data-lazy-src=\"https:\/\/configit.pl\/wp-content\/uploads\/2022\/09\/man-593333_1920.jpg\"> <\/div> <div  class=\"content-left-image-textcol dynamic-color\" data-type=\"column\"> <h2  class=\"\">Dane firmy:<\/h2> <p  class=\"large_text\">IT Config Cezary Rzymski\n<br ><br >ul. Rynek 3, 13-306 Kurz\u0119tnik\n<br >NIP: 877 148 52 93\n<br >Regon:&nbsp;522161360\n<br ><br >tel. +48 721 421 224\n<br >biuro@configit.pl<\/p>  <\/div> <\/div> <\/div> <\/div>","protected":false},"excerpt":{"rendered":"<p>Wsparcie techniczne \u2022 Naprawa sprz\u0119tu\u2022 Zapobieganie awarii\u2022 Wdra\u017canie rozwi\u0105za\u0144 Wi\u0119cej Bezpiecze\u0144stwo \u2022 Profilaktyka\u2022 Odzyskiwanie danych\u2022 Zarz\u0105dzanie systemami Wi\u0119cej Internet \u2022 Strony www\u2022 Marketing internetowy\u2022 Aplikacje dedykowane Wi\u0119cej Infrastruktura \u2022 Sieci LAN, WAN, Wi-Fi\u2022 Systemy konferencyjne\u2022 Monitoring obiekt\u00f3w Wi\u0119cej Zg\u0142o\u015b problem Przejd\u017a do formularza Przejd\u017a Dostarczamy sprz\u0119t komputerowy i wiele wi\u0119cej Pomo\u017cemy Ci wybra\u0107 sprz\u0119t na&hellip; <br \/> <a class=\"button small blue\" href=\"https:\/\/configit.pl\/?p=174\">Dowiedz si\u0119 wi\u0119cej<\/a><\/p>\n","protected":false},"author":1,"featured_media":0,"parent":0,"menu_order":0,"comment_status":"closed","ping_status":"closed","template":"","meta":{"om_disable_all_campaigns":false,"_monsterinsights_skip_tracking":false,"_monsterinsights_sitenote_active":false,"_monsterinsights_sitenote_note":"","_monsterinsights_sitenote_category":0,"footnotes":""},"class_list":["post-6","page","type-page","status-publish","hentry"],"aioseo_notices":[],"_links":{"self":[{"href":"https:\/\/configit.pl\/index.php?rest_route=\/wp\/v2\/pages\/6","targetHints":{"allow":["GET"]}}],"collection":[{"href":"https:\/\/configit.pl\/index.php?rest_route=\/wp\/v2\/pages"}],"about":[{"href":"https:\/\/configit.pl\/index.php?rest_route=\/wp\/v2\/types\/page"}],"author":[{"embeddable":true,"href":"https:\/\/configit.pl\/index.php?rest_route=\/wp\/v2\/users\/1"}],"replies":[{"embeddable":true,"href":"https:\/\/configit.pl\/index.php?rest_route=%2Fwp%2Fv2%2Fcomments&post=6"}],"version-history":[{"count":51,"href":"https:\/\/configit.pl\/index.php?rest_route=\/wp\/v2\/pages\/6\/revisions"}],"predecessor-version":[{"id":417,"href":"https:\/\/configit.pl\/index.php?rest_route=\/wp\/v2\/pages\/6\/revisions\/417"}],"wp:attachment":[{"href":"https:\/\/configit.pl\/index.php?rest_route=%2Fwp%2Fv2%2Fmedia&parent=6"}],"curies":[{"name":"wp","href":"https:\/\/api.w.org\/{rel}","templated":true}]}}